{"id":21,"date":"2020-04-27T08:39:36","date_gmt":"2020-04-27T08:39:36","guid":{"rendered":"https:\/\/malesia-meatindustry.com\/beta\/?page_id=21"},"modified":"2020-05-25T07:50:12","modified_gmt":"2020-05-25T07:50:12","slug":"ballina","status":"publish","type":"page","link":"https:\/\/malesia-meatindustry.com\/en\/","title":{"rendered":"HOME"},"content":{"rendered":"<p>[et_pb_section fb_built=&#8221;1&#8243; custom_padding_last_edited=&#8221;on|desktop&#8221; _builder_version=&#8221;4.4.3&#8243; background_image=&#8221;https:\/\/malesia-meatindustry.com\/beta\/wp-content\/uploads\/2020\/05\/fabrika_.jpg&#8221; parallax=&#8221;on&#8221; custom_margin=&#8221;-109px||||false|false&#8221; custom_padding=&#8221;||226px||false|false&#8221; custom_padding_tablet=&#8221;&#8221; custom_padding_phone=&#8221;&#8221; hover_enabled=&#8221;0&#8243;][et_pb_row _builder_version=&#8221;4.4.3&#8243;][et_pb_column type=&#8221;4_4&#8243; _builder_version=&#8221;4.4.3&#8243;][et_pb_text _builder_version=&#8221;4.4.3&#8243; header_2_font=&#8221;|700||on|||||&#8221; header_2_text_align=&#8221;center&#8221; header_2_text_color=&#8221;#ffffff&#8221; header_2_font_size=&#8221;39px&#8221; header_3_text_align=&#8221;center&#8221; header_3_text_color=&#8221;#ffffff&#8221; header_3_line_height=&#8221;1.4em&#8221; transform_scale_tablet=&#8221;&#8221; transform_scale_phone=&#8221;&#8221; transform_scale_last_edited=&#8221;on|desktop&#8221; transform_translate=&#8221;0px|100px&#8221; transform_translate_tablet=&#8221;&#8221; transform_translate_phone=&#8221;-4px|55px&#8221; transform_translate_last_edited=&#8221;on|desktop&#8221; transform_translate_linked=&#8221;off&#8221; transform_rotate_tablet=&#8221;&#8221; transform_rotate_phone=&#8221;&#8221; transform_rotate_last_edited=&#8221;on|desktop&#8221; transform_skew_tablet=&#8221;&#8221; transform_skew_phone=&#8221;&#8221; transform_skew_last_edited=&#8221;on|desktop&#8221; transform_origin_tablet=&#8221;&#8221; transform_origin_phone=&#8221;&#8221; transform_origin_last_edited=&#8221;on|desktop&#8221; transform_styles_last_edited=&#8221;on|desktop&#8221; header_2_text_align_tablet=&#8221;&#8221; header_2_text_align_phone=&#8221;&#8221; header_2_text_align_last_edited=&#8221;on|tablet&#8221; header_2_font_size_tablet=&#8221;&#8221; header_2_font_size_phone=&#8221;28px&#8221; header_2_font_size_last_edited=&#8221;on|phone&#8221; header_3_font_size_tablet=&#8221;&#8221; header_3_font_size_phone=&#8221;17px&#8221; header_3_font_size_last_edited=&#8221;on|phone&#8221; transform_styles_tablet=&#8221;&#8221; transform_styles_phone=&#8221;&#8221;]<\/p>\n<h2 class=\"heading-huge\">DIFFERENT TYPES OF MEAT PRODUCTS<\/h2>\n<h3 class=\"heading-small\">You will only find the best products in our stores and where we deliver<\/h3>\n<p>[\/et_pb_text][\/et_pb_column][\/et_pb_row][et_pb_row _builder_version=&#8221;4.4.3&#8243; transform_scale_tablet=&#8221;&#8221; transform_scale_phone=&#8221;&#8221; transform_scale_last_edited=&#8221;on|phone&#8221; transform_translate_tablet=&#8221;&#8221; transform_translate_phone=&#8221;-24px|-62px&#8221; transform_translate_last_edited=&#8221;on|phone&#8221; transform_rotate_tablet=&#8221;&#8221; transform_rotate_phone=&#8221;&#8221; transform_rotate_last_edited=&#8221;on|phone&#8221; transform_skew_tablet=&#8221;&#8221; transform_skew_phone=&#8221;&#8221; transform_skew_last_edited=&#8221;on|phone&#8221; transform_origin_tablet=&#8221;&#8221; transform_origin_phone=&#8221;&#8221; transform_origin_last_edited=&#8221;on|phone&#8221; transform_styles_last_edited=&#8221;on|phone&#8221; z_index=&#8221;1&#8243; width_tablet=&#8221;&#8221; width_phone=&#8221;100%&#8221; width_last_edited=&#8221;on|phone&#8221; max_width=&#8221;58%&#8221; custom_padding=&#8221;0px|||||&#8221; transform_styles_tablet=&#8221;&#8221; transform_styles_phone=&#8221;&#8221;][et_pb_column type=&#8221;4_4&#8243; _builder_version=&#8221;4.4.3&#8243;][\/et_pb_column][\/et_pb_row][\/et_pb_section][et_pb_section fb_built=&#8221;1&#8243; _builder_version=&#8221;4.4.3&#8243; background_image=&#8221;https:\/\/malesia-meatindustry.com\/beta\/wp-content\/uploads\/2020\/04\/bcgotllo.jpg&#8221; background_size=&#8221;initial&#8221; custom_padding=&#8221;0px||0px|||&#8221;][et_pb_row _builder_version=&#8221;4.4.3&#8243;][et_pb_column type=&#8221;4_4&#8243; _builder_version=&#8221;4.4.3&#8243;][et_pb_text content_tablet=&#8221;&#8221; content_phone=&#8221;&#8221; content_last_edited=&#8221;on|desktop&#8221; _builder_version=&#8221;4.4.3&#8243; header_font=&#8221;|600||on|||||&#8221; header_text_align=&#8221;center&#8221; width=&#8221;29%&#8221; width_tablet=&#8221;54%&#8221; width_phone=&#8221;69%&#8221; width_last_edited=&#8221;on|phone&#8221; module_alignment=&#8221;center&#8221; header_font_size_tablet=&#8221;&#8221; header_font_size_phone=&#8221;23px&#8221; header_font_size_last_edited=&#8221;on|phone&#8221; border_width_bottom=&#8221;1px&#8221;]<\/p>\n<h1 class=\"section-header onscroll-animate fadeIn\">WE OFFER<\/h1>\n<div class=\"row\">\n<div class=\"col-md-6 onscroll-animate fadeIn\">\n<div class=\"row\">\n<div class=\"col-sm-6\">\n<div class=\"service-box\"><\/div>\n<\/div>\n<\/div>\n<\/div>\n<\/div>\n<p>[\/et_pb_text][\/et_pb_column][\/et_pb_row][et_pb_row column_structure=&#8221;1_4,1_4,1_4,1_4&#8243; use_custom_gutter=&#8221;on&#8221; gutter_width=&#8221;3&#8243; _builder_version=&#8221;4.4.3&#8243; width=&#8221;100%&#8221; max_width=&#8221;64%&#8221; max_width_tablet=&#8221;84%&#8221; max_width_phone=&#8221;&#8221; max_width_last_edited=&#8221;on|tablet&#8221; custom_padding=&#8221;||0px|||&#8221;][et_pb_column type=&#8221;1_4&#8243; _builder_version=&#8221;4.4.3&#8243;][et_pb_blurb title=&#8221;PRODHIMIN E MISHIT&#8221; image=&#8221;https:\/\/malesia-meatindustry.com\/beta\/wp-content\/uploads\/2020\/04\/Untitled-2-copy.png&#8221; _builder_version=&#8221;4.4.3&#8243; header_font=&#8221;|700||on|||||&#8221; header_text_align=&#8221;center&#8221; header_text_color=&#8221;#000000&#8243; body_font=&#8221;|600|||||||&#8221; body_text_align=&#8221;center&#8221;]<\/p>\n<p><span>Through the new slab line with a capacity of 250 cattle sloughtering in a day of bigger animals and 500 cattle slaughtering in a day of smaller animals.<\/span><\/p>\n<p>[\/et_pb_blurb][\/et_pb_column][et_pb_column type=&#8221;1_4&#8243; _builder_version=&#8221;4.4.3&#8243;][et_pb_blurb title=&#8221;PRODHIME NGA MISHI&#8221; image=&#8221;https:\/\/malesia-meatindustry.com\/beta\/wp-content\/uploads\/2020\/04\/Untitled-2-copy3.png&#8221; _builder_version=&#8221;4.4.3&#8243; header_font=&#8221;|700||on|||||&#8221; header_text_align=&#8221;center&#8221; header_text_color=&#8221;#000000&#8243; body_font=&#8221;|600|||||||&#8221; body_text_align=&#8221;center&#8221; custom_padding_tablet=&#8221;&#8221; custom_padding_phone=&#8221;50px||||false|false&#8221; custom_padding_last_edited=&#8221;on|phone&#8221;]<\/p>\n<p><span>Capacity per days: Burger 490kg, meatballs 250kg, sausage 330kg, ham140kg.<\/span><br \/> <span>Kapaciteti p\u00ebr nj\u00eb dit\u00eb.<\/span><\/p>\n<p>[\/et_pb_blurb][\/et_pb_column][et_pb_column type=&#8221;1_4&#8243; _builder_version=&#8221;4.4.3&#8243;][et_pb_blurb title=&#8221;PRODHIME P\u00cbR GRILL&#8221; image=&#8221;https:\/\/malesia-meatindustry.com\/beta\/wp-content\/uploads\/2020\/04\/Untitled-2-copy4.png&#8221; _builder_version=&#8221;4.4.3&#8243; header_font=&#8221;|700||on|||||&#8221; header_text_align=&#8221;center&#8221; header_text_color=&#8221;#000000&#8243; body_font=&#8221;|600|||||||&#8221; body_text_align=&#8221;center&#8221; custom_padding_tablet=&#8221;&#8221; custom_padding_phone=&#8221;50px||||false|false&#8221; custom_padding_last_edited=&#8221;on|phone&#8221;]<\/p>\n<div class=\"col-sm-6\">\n<div class=\"service-box\">\n<p>During the product separation we also select a part of the production prepared specifically for grilling.<\/p>\n<\/div>\n<\/div>\n<p>[\/et_pb_blurb][\/et_pb_column][et_pb_column type=&#8221;1_4&#8243; _builder_version=&#8221;4.4.3&#8243;][et_pb_blurb title=&#8221;SHP\u00cbNDARJEN E MISHIT&#8221; image=&#8221;https:\/\/malesia-meatindustry.com\/beta\/wp-content\/uploads\/2020\/04\/Untitled-2-copy5.png&#8221; _builder_version=&#8221;4.4.3&#8243; header_font=&#8221;|700||on|||||&#8221; header_text_align=&#8221;center&#8221; header_text_color=&#8221;#000000&#8243; body_font=&#8221;|600|||||||&#8221; body_text_align=&#8221;center&#8221; custom_padding_tablet=&#8221;&#8221; custom_padding_phone=&#8221;50px||||false|false&#8221; custom_padding_last_edited=&#8221;on|phone&#8221;]<\/p>\n<p>In addition to our sales point, we also do the distribution of our products (Supermarkets, Restaurants, Different businesses).<\/p>\n<section id=\"heading-section\" class=\"section-white-cover parallax-background\" data-stellar-background-ratio=\"0.4\">\n<div class=\"section-content\">\n<div class=\"container\"><\/div>\n<\/div>\n<\/section>\n<p>[\/et_pb_blurb][\/et_pb_column][\/et_pb_row][\/et_pb_section][et_pb_section fb_built=&#8221;1&#8243; _builder_version=&#8221;4.4.3&#8243; background_image=&#8221;https:\/\/malesia-meatindustry.com\/beta\/wp-content\/uploads\/2020\/04\/2-1.jpg&#8221; parallax=&#8221;on&#8221; filter_opacity=&#8221;68%&#8221; mix_blend_mode=&#8221;saturation&#8221;][et_pb_row column_structure=&#8221;1_4,3_4&#8243; _builder_version=&#8221;4.4.3&#8243; width=&#8221;82%&#8221; max_width=&#8221;100%&#8221; module_alignment=&#8221;center&#8221;][et_pb_column type=&#8221;1_4&#8243; _builder_version=&#8221;4.4.3&#8243;][et_pb_image src=&#8221;https:\/\/malesia-meatindustry.com\/beta\/wp-content\/uploads\/2020\/04\/avatar1.jpg&#8221; _builder_version=&#8221;4.4.3&#8243; background_color=&#8221;rgba(0,0,0,0)&#8221;][\/et_pb_image][\/et_pb_column][et_pb_column type=&#8221;3_4&#8243; _builder_version=&#8221;4.4.3&#8243;][et_pb_text _builder_version=&#8221;4.4.3&#8243; header_font=&#8221;|700|on||||||&#8221; header_text_align=&#8221;center&#8221; header_text_color=&#8221;#ffffff&#8221; header_font_size=&#8221;31px&#8221; header_letter_spacing=&#8221;2px&#8221; transform_scale_tablet=&#8221;&#8221; transform_scale_phone=&#8221;&#8221; transform_scale_last_edited=&#8221;on|phone&#8221; transform_translate=&#8221;-15px|130px&#8221; transform_translate_tablet=&#8221;12px|50px&#8221; transform_translate_phone=&#8221;0px|30px&#8221; transform_translate_last_edited=&#8221;on|phone&#8221; transform_rotate_tablet=&#8221;&#8221; transform_rotate_phone=&#8221;&#8221; transform_rotate_last_edited=&#8221;on|phone&#8221; transform_skew_tablet=&#8221;&#8221; transform_skew_phone=&#8221;&#8221; transform_skew_last_edited=&#8221;on|phone&#8221; transform_origin_tablet=&#8221;&#8221; transform_origin_phone=&#8221;&#8221; transform_origin_last_edited=&#8221;on|phone&#8221; transform_styles_last_edited=&#8221;on|phone&#8221; transform_styles_tablet=&#8221;&#8221; transform_styles_phone=&#8221;&#8221;]<\/p>\n<h1>\"Our products are certified by the HALAL institution.\u201d<\/h1>\n<p>[\/et_pb_text][\/et_pb_column][\/et_pb_row][\/et_pb_section][et_pb_section fb_built=&#8221;1&#8243; _builder_version=&#8221;4.4.3&#8243; background_image=&#8221;https:\/\/malesia-meatindustry.com\/beta\/wp-content\/uploads\/2020\/05\/product.jpg&#8221; custom_margin=&#8221;61px||||false|false&#8221; custom_margin_tablet=&#8221;82px||||false|false&#8221; custom_margin_phone=&#8221;14px||||false|false&#8221; custom_margin_last_edited=&#8221;on|phone&#8221; custom_padding=&#8221;0px||0px||false|false&#8221;][et_pb_row column_structure=&#8221;1_2,1_2&#8243; _builder_version=&#8221;4.4.3&#8243; width=&#8221;62%&#8221; max_width=&#8221;200%&#8221; module_alignment=&#8221;center&#8221;][et_pb_column type=&#8221;1_2&#8243; _builder_version=&#8221;4.4.3&#8243;][et_pb_image src=&#8221;https:\/\/malesia-meatindustry.com\/beta\/wp-content\/uploads\/2020\/04\/devices.png&#8221; _builder_version=&#8221;4.4.3&#8243; transform_scale_tablet=&#8221;&#8221; transform_scale_phone=&#8221;&#8221; transform_scale_last_edited=&#8221;on|desktop&#8221; transform_translate=&#8221;-150px|129px&#8221; transform_translate_tablet=&#8221;13px|23px&#8221; transform_translate_phone=&#8221;&#8221; transform_translate_last_edited=&#8221;on|phone&#8221; transform_rotate_tablet=&#8221;&#8221; transform_rotate_phone=&#8221;&#8221; transform_rotate_last_edited=&#8221;on|desktop&#8221; transform_skew_tablet=&#8221;&#8221; transform_skew_phone=&#8221;&#8221; transform_skew_last_edited=&#8221;on|desktop&#8221; transform_origin_tablet=&#8221;&#8221; transform_origin_phone=&#8221;&#8221; transform_origin_last_edited=&#8221;on|desktop&#8221; transform_styles_last_edited=&#8221;on|phone&#8221; width=&#8221;100%&#8221; max_width=&#8221;100%&#8221; custom_margin=&#8221;||||false|false&#8221; transform_styles_tablet=&#8221;&#8221; transform_styles_phone=&#8221;&#8221;][\/et_pb_image][\/et_pb_column][et_pb_column type=&#8221;1_2&#8243; _builder_version=&#8221;4.4.3&#8243;][et_pb_text _builder_version=&#8221;4.4.3&#8243; text_text_color=&#8221;#ffffff&#8221; text_font_size=&#8221;21px&#8221; text_line_height=&#8221;1.9em&#8221; ul_font=&#8221;|600|||||||&#8221; ul_text_color=&#8221;#000000&#8243; background_color=&#8221;rgba(255,255,255,0.34)&#8221; transform_scale_tablet=&#8221;&#8221; transform_scale_phone=&#8221;&#8221; transform_scale_last_edited=&#8221;on|desktop&#8221; transform_translate=&#8221;12px|65px&#8221; transform_translate_tablet=&#8221;6px|-20px&#8221; transform_translate_phone=&#8221;&#8221; transform_translate_last_edited=&#8221;on|phone&#8221; transform_rotate_tablet=&#8221;&#8221; transform_rotate_phone=&#8221;&#8221; transform_rotate_last_edited=&#8221;on|desktop&#8221; transform_skew_tablet=&#8221;&#8221; transform_skew_phone=&#8221;&#8221; transform_skew_last_edited=&#8221;on|desktop&#8221; transform_origin_tablet=&#8221;&#8221; transform_origin_phone=&#8221;&#8221; transform_origin_last_edited=&#8221;on|desktop&#8221; transform_styles_last_edited=&#8221;on|phone&#8221; transform_styles_tablet=&#8221;&#8221; transform_styles_phone=&#8221;&#8221;]<\/p>\n<ul class=\"ul1\">\n<li class=\"li1\"><span class=\"s1\"><\/span>Together with our members we believe that the valued proposition for the Kosovo Meat Industry not only includes the quality of our meat production but also the ethical and secured way in wich it is produced.<\/li>\n<\/ul>\n<ul class=\"ul1\">\n<li class=\"li1\"><span class=\"s1\"><\/span>That is why MMI has helped in facilitating members working together and developing a set of guidelines on health and safety which we believe sets the standard for the meat industry in the world.<\/li>\n<\/ul>\n<ul class=\"ul1\">\n<li class=\"li1\"><span class=\"s1\"><\/span>Because the industry provides food for export to the premium ends of international markets, being able to produce eat and high quality, but is also produced in a safe and ethical way is the key part of our value proposition as an industry.<\/li>\n<\/ul>\n<p>[\/et_pb_text][\/et_pb_column][\/et_pb_row][\/et_pb_section][et_pb_section fb_built=&#8221;1&#8243; fullwidth=&#8221;on&#8221; _builder_version=&#8221;4.4.3&#8243; z_index=&#8221;0&#8243;][et_pb_fullwidth_code _builder_version=&#8221;4.4.3&#8243;]<iframe loading=\"lazy\" src=\"https:\/\/www.google.com\/maps\/embed?pb=!1m18!1m12!1m3!1d2943.771157495069!2d21.48647931569482!3d42.45388493716336!2m3!1f0!2f0!3f0!3m2!1i1024!2i768!4f13.1!3m3!1m2!1s0x1354f2d8362eee35%3A0x14b419e52b9b029b!2sMalesia%20-%20Meat%20Industry!5e0!3m2!1sen!2s!4v1587987263169!5m2!1sen!2s\" width=\"100%\" height=\"450\" frameborder=\"0\" style=\"border:0;\" allowfullscreen=\"\" aria-hidden=\"false\" tabindex=\"0\"><\/iframe>[\/et_pb_fullwidth_code][\/et_pb_section][et_pb_section fb_built=&#8221;1&#8243; _builder_version=&#8221;4.4.3&#8243; custom_padding=&#8221;0px||0px|||&#8221; global_module=&#8221;223&#8243; saved_tabs=&#8221;all&#8221;][et_pb_row use_custom_gutter=&#8221;on&#8221; gutter_width=&#8221;2&#8243; _builder_version=&#8221;4.4.3&#8243; width=&#8221;100%&#8221; max_width=&#8221;100%&#8221; module_alignment=&#8221;center&#8221; custom_padding=&#8221;0px||0px|||&#8221; locked=&#8221;off&#8221;][et_pb_column type=&#8221;4_4&#8243; _builder_version=&#8221;4.4.3&#8243;][et_pb_text _builder_version=&#8221;4.4.3&#8243; text_font=&#8221;|||on|||||&#8221; text_text_color=&#8221;#000000&#8243; text_font_size=&#8221;24px&#8221; header_font=&#8221;Alatsi|||on|||||&#8221; header_text_align=&#8221;center&#8221; header_text_color=&#8221;#000000&#8243; header_font_size=&#8221;28px&#8221; text_orientation=&#8221;center&#8221; width=&#8221;100%&#8221; max_width=&#8221;16%&#8221; max_width_tablet=&#8221;31%&#8221; max_width_phone=&#8221;42%&#8221; max_width_last_edited=&#8221;on|desktop&#8221; module_alignment=&#8221;center&#8221; border_width_bottom=&#8221;1px&#8221;]<\/p>\n<div class=\"section-content\">\n<div class=\"container\">\n<header class=\"section-header onscroll-animate fadeIn\">\n<h1>OUR CLIENTS<\/h1>\n<\/header>\n<\/div>\n<\/div>\n<section id=\"services-slider-container\">\n<div id=\"services-slider\" class=\"services-slider owl-carousel owl-theme\">\n<div class=\"owl-wrapper-outer\">\n<div class=\"owl-wrapper\">\n<div class=\"owl-item\"><\/div>\n<\/div>\n<\/div>\n<\/div>\n<\/section>\n<p>[\/et_pb_text][dica_divi_carousel multislide=&#8221;on&#8221; loop=&#8221;on&#8221; autoplay=&#8221;on&#8221; autoplay_speed=&#8221;3000&#8243; item_spacing=&#8221;0&#8243; advanced_effect=&#8221;1&#8243; _builder_version=&#8221;4.4.3&#8243; width=&#8221;100%&#8221; max_width=&#8221;100%&#8221;][dica_divi_carouselitem button_url_new_window=&#8221;1&#8243; image=&#8221;https:\/\/malesia-meatindustry.com\/beta\/wp-content\/uploads\/2020\/04\/services1.jpg&#8221; _builder_version=&#8221;4.4.3&#8243;][\/dica_divi_carouselitem][dica_divi_carouselitem button_url_new_window=&#8221;1&#8243; image=&#8221;https:\/\/malesia-meatindustry.com\/beta\/wp-content\/uploads\/2020\/04\/services2.jpg&#8221; _builder_version=&#8221;4.4.3&#8243;][\/dica_divi_carouselitem][dica_divi_carouselitem button_url_new_window=&#8221;1&#8243; image=&#8221;https:\/\/malesia-meatindustry.com\/beta\/wp-content\/uploads\/2020\/04\/services3.jpg&#8221; _builder_version=&#8221;4.4.3&#8243;][\/dica_divi_carouselitem][dica_divi_carouselitem button_url_new_window=&#8221;1&#8243; image=&#8221;https:\/\/malesia-meatindustry.com\/beta\/wp-content\/uploads\/2020\/04\/services4.jpg&#8221; _builder_version=&#8221;4.4.3&#8243;][\/dica_divi_carouselitem][dica_divi_carouselitem button_url_new_window=&#8221;1&#8243; image=&#8221;https:\/\/malesia-meatindustry.com\/beta\/wp-content\/uploads\/2020\/04\/services5.jpg&#8221; _builder_version=&#8221;4.4.3&#8243;][\/dica_divi_carouselitem][dica_divi_carouselitem button_url_new_window=&#8221;1&#8243; image=&#8221;https:\/\/malesia-meatindustry.com\/beta\/wp-content\/uploads\/2020\/04\/services6.jpg&#8221; _builder_version=&#8221;4.4.3&#8243;][\/dica_divi_carouselitem][dica_divi_carouselitem button_url_new_window=&#8221;1&#8243; image=&#8221;https:\/\/malesia-meatindustry.com\/beta\/wp-content\/uploads\/2020\/04\/services7.jpg&#8221; _builder_version=&#8221;4.4.3&#8243;][\/dica_divi_carouselitem][dica_divi_carouselitem button_url_new_window=&#8221;1&#8243; image=&#8221;https:\/\/malesia-meatindustry.com\/beta\/wp-content\/uploads\/2020\/04\/services8.jpg&#8221; _builder_version=&#8221;4.4.3&#8243;][\/dica_divi_carouselitem][dica_divi_carouselitem button_url_new_window=&#8221;1&#8243; image=&#8221;https:\/\/malesia-meatindustry.com\/beta\/wp-content\/uploads\/2020\/04\/services9.jpg&#8221; _builder_version=&#8221;4.4.3&#8243;][\/dica_divi_carouselitem][dica_divi_carouselitem button_url_new_window=&#8221;1&#8243; image=&#8221;https:\/\/malesia-meatindustry.com\/beta\/wp-content\/uploads\/2020\/04\/services10.jpg&#8221; _builder_version=&#8221;4.4.3&#8243;][\/dica_divi_carouselitem][dica_divi_carouselitem button_url_new_window=&#8221;1&#8243; image=&#8221;https:\/\/malesia-meatindustry.com\/beta\/wp-content\/uploads\/2020\/04\/services11.jpg&#8221; _builder_version=&#8221;4.4.3&#8243;][\/dica_divi_carouselitem][dica_divi_carouselitem button_url_new_window=&#8221;1&#8243; image=&#8221;https:\/\/malesia-meatindustry.com\/beta\/wp-content\/uploads\/2020\/04\/services12.jpg&#8221; _builder_version=&#8221;4.4.3&#8243;][\/dica_divi_carouselitem][dica_divi_carouselitem button_url_new_window=&#8221;1&#8243; image=&#8221;https:\/\/malesia-meatindustry.com\/beta\/wp-content\/uploads\/2020\/04\/services14.jpg&#8221; _builder_version=&#8221;4.4.3&#8243;][\/dica_divi_carouselitem][dica_divi_carouselitem button_url_new_window=&#8221;1&#8243; image=&#8221;https:\/\/malesia-meatindustry.com\/beta\/wp-content\/uploads\/2020\/04\/services15.jpg&#8221; _builder_version=&#8221;4.4.3&#8243;][\/dica_divi_carouselitem][dica_divi_carouselitem button_url_new_window=&#8221;1&#8243; image=&#8221;https:\/\/malesia-meatindustry.com\/beta\/wp-content\/uploads\/2020\/04\/services16.jpg&#8221; _builder_version=&#8221;4.4.3&#8243;][\/dica_divi_carouselitem][dica_divi_carouselitem button_url_new_window=&#8221;1&#8243; image=&#8221;https:\/\/malesia-meatindustry.com\/beta\/wp-content\/uploads\/2020\/04\/services17.jpg&#8221; _builder_version=&#8221;4.4.3&#8243;][\/dica_divi_carouselitem][dica_divi_carouselitem button_url_new_window=&#8221;1&#8243; image=&#8221;https:\/\/malesia-meatindustry.com\/beta\/wp-content\/uploads\/2020\/04\/services18.jpg&#8221; _builder_version=&#8221;4.4.3&#8243;][\/dica_divi_carouselitem][dica_divi_carouselitem button_url_new_window=&#8221;1&#8243; image=&#8221;https:\/\/malesia-meatindustry.com\/beta\/wp-content\/uploads\/2020\/04\/services13.jpg&#8221; _builder_version=&#8221;4.4.3&#8243;][\/dica_divi_carouselitem][dica_divi_carouselitem button_url_new_window=&#8221;1&#8243; image=&#8221;https:\/\/malesia-meatindustry.com\/beta\/wp-content\/uploads\/2020\/04\/services20.jpg&#8221; _builder_version=&#8221;4.4.3&#8243;][\/dica_divi_carouselitem][dica_divi_carouselitem button_url_new_window=&#8221;1&#8243; image=&#8221;https:\/\/malesia-meatindustry.com\/beta\/wp-content\/uploads\/2020\/04\/services21.jpg&#8221; _builder_version=&#8221;4.4.3&#8243;][\/dica_divi_carouselitem][dica_divi_carouselitem button_url_new_window=&#8221;1&#8243; image=&#8221;https:\/\/malesia-meatindustry.com\/beta\/wp-content\/uploads\/2020\/04\/services22.jpg&#8221; _builder_version=&#8221;4.4.3&#8243;][\/dica_divi_carouselitem][\/dica_divi_carousel][\/et_pb_column][\/et_pb_row][\/et_pb_section]<\/p>","protected":false},"excerpt":{"rendered":"<p>[et_pb_section fb_built=&#8221;1&#8243; custom_padding_last_edited=&#8221;on|desktop&#8221; _builder_version=&#8221;4.4.3&#8243; background_image=&#8221;https:\/\/malesia-meatindustry.com\/beta\/wp-content\/uploads\/2020\/05\/fabrika_.jpg&#8221; parallax=&#8221;on&#8221; custom_margin=&#8221;-109px||||false|false&#8221; custom_padding=&#8221;||226px||false|false&#8221; custom_padding_tablet=&#8221;&#8221; custom_padding_phone=&#8221;&#8221; hover_enabled=&#8221;0&#8243;][et_pb_row _builder_version=&#8221;4.4.3&#8243;][et_pb_column type=&#8221;4_4&#8243; _builder_version=&#8221;4.4.3&#8243;][et_pb_text _builder_version=&#8221;4.4.3&#8243; header_2_font=&#8221;|700||on|||||&#8221; header_2_text_align=&#8221;center&#8221; header_2_text_color=&#8221;#ffffff&#8221; header_2_font_size=&#8221;39px&#8221; header_3_text_align=&#8221;center&#8221; header_3_text_color=&#8221;#ffffff&#8221; header_3_line_height=&#8221;1.4em&#8221; transform_scale_tablet=&#8221;&#8221; transform_scale_phone=&#8221;&#8221; transform_scale_last_edited=&#8221;on|desktop&#8221; transform_translate=&#8221;0px|100px&#8221; transform_translate_tablet=&#8221;&#8221; transform_translate_phone=&#8221;-4px|55px&#8221; transform_translate_last_edited=&#8221;on|desktop&#8221; transform_translate_linked=&#8221;off&#8221; transform_rotate_tablet=&#8221;&#8221; transform_rotate_phone=&#8221;&#8221; transform_rotate_last_edited=&#8221;on|desktop&#8221; transform_skew_tablet=&#8221;&#8221; transform_skew_phone=&#8221;&#8221; transform_skew_last_edited=&#8221;on|desktop&#8221; transform_origin_tablet=&#8221;&#8221; transform_origin_phone=&#8221;&#8221; transform_origin_last_edited=&#8221;on|desktop&#8221; transform_styles_last_edited=&#8221;on|desktop&#8221; header_2_text_align_tablet=&#8221;&#8221; header_2_text_align_phone=&#8221;&#8221; header_2_text_align_last_edited=&#8221;on|tablet&#8221; header_2_font_size_tablet=&#8221;&#8221; header_2_font_size_phone=&#8221;28px&#8221; header_2_font_size_last_edited=&#8221;on|phone&#8221; header_3_font_size_tablet=&#8221;&#8221; header_3_font_size_phone=&#8221;17px&#8221; header_3_font_size_last_edited=&#8221;on|phone&#8221; transform_styles_tablet=&#8221;&#8221; transform_styles_phone=&#8221;&#8221;] LLOJE T\u00cb NDRYSHME T\u00cb [&hellip;]<\/p>","protected":false},"author":1,"featured_media":0,"parent":0,"menu_order":0,"comment_status":"closed","ping_status":"closed","template":"","meta":{"_et_pb_use_builder":"on","_et_pb_old_content":"","_et_gb_content_width":"","footnotes":""},"class_list":["post-21","page","type-page","status-publish","hentry"],"_links":{"self":[{"href":"https:\/\/malesia-meatindustry.com\/en\/wp-json\/wp\/v2\/pages\/21","targetHints":{"allow":["GET"]}}],"collection":[{"href":"https:\/\/malesia-meatindustry.com\/en\/wp-json\/wp\/v2\/pages"}],"about":[{"href":"https:\/\/malesia-meatindustry.com\/en\/wp-json\/wp\/v2\/types\/page"}],"author":[{"embeddable":true,"href":"https:\/\/malesia-meatindustry.com\/en\/wp-json\/wp\/v2\/users\/1"}],"replies":[{"embeddable":true,"href":"https:\/\/malesia-meatindustry.com\/en\/wp-json\/wp\/v2\/comments?post=21"}],"version-history":[{"count":51,"href":"https:\/\/malesia-meatindustry.com\/en\/wp-json\/wp\/v2\/pages\/21\/revisions"}],"predecessor-version":[{"id":443,"href":"https:\/\/malesia-meatindustry.com\/en\/wp-json\/wp\/v2\/pages\/21\/revisions\/443"}],"wp:attachment":[{"href":"https:\/\/malesia-meatindustry.com\/en\/wp-json\/wp\/v2\/media?parent=21"}],"curies":[{"name":"wp","href":"https:\/\/api.w.org\/{rel}","templated":true}]}}