{"id":17,"date":"2020-04-27T08:38:52","date_gmt":"2020-04-27T08:38:52","guid":{"rendered":"https:\/\/malesia-meatindustry.com\/beta\/?page_id=17"},"modified":"2020-05-27T12:57:23","modified_gmt":"2020-05-27T12:57:23","slug":"media","status":"publish","type":"page","link":"https:\/\/malesia-meatindustry.com\/en\/media\/","title":{"rendered":"Media"},"content":{"rendered":"<p>[et_pb_section fb_built=&#8221;1&#8243; _builder_version=&#8221;4.4.3&#8243;][et_pb_row column_structure=&#8221;1_4,3_4&#8243; use_custom_gutter=&#8221;on&#8221; gutter_width=&#8221;2&#8243; _builder_version=&#8221;4.4.3&#8243; width=&#8221;72%&#8221; max_width=&#8221;100%&#8221;][et_pb_column type=&#8221;1_4&#8243; _builder_version=&#8221;4.4.3&#8243;][et_pb_text _builder_version=&#8221;4.4.3&#8243; header_font=&#8221;|600|||||||&#8221; header_text_align=&#8221;center&#8221; header_text_color=&#8221;#695042&#8243; header_font_size=&#8221;24px&#8221; header_font_size_tablet=&#8221;&#8221; header_font_size_phone=&#8221;&#8221; header_font_size_last_edited=&#8221;on|desktop&#8221;]<\/p>\n<div class=\"article-header-small\">\n<h1>MAL\u00cbSIA MEAT INDUSTRY<\/h1>\n<\/div>\n<p>[\/et_pb_text][et_pb_image src=&#8221;https:\/\/malesia-meatindustry.com\/beta\/wp-content\/uploads\/2020\/05\/sidebar_img1.png&#8221; _builder_version=&#8221;4.4.3&#8243;][\/et_pb_image][et_pb_text _builder_version=&#8221;4.4.3&#8243; text_orientation=&#8221;center&#8221; width=&#8221;60%&#8221; module_alignment=&#8221;center&#8221; border_width_bottom=&#8221;1px&#8221;]<\/p>\n<article class=\"onscroll-animate fadeIn\">\n<p class=\"text-center\">Greetings !<br \/> Here you can find the activities we have developed as a company.<\/p>\n<\/article>\n<p>[\/et_pb_text][et_pb_text _builder_version=&#8221;4.4.3&#8243; header_font=&#8221;|600|||||||&#8221; header_text_align=&#8221;center&#8221; header_text_color=&#8221;#695042&#8243; header_font_size=&#8221;24px&#8221; custom_padding_tablet=&#8221;26px||||false|false&#8221; custom_padding_phone=&#8221;&#8221; custom_padding_last_edited=&#8221;on|phone&#8221; header_font_size_tablet=&#8221;&#8221; header_font_size_phone=&#8221;&#8221; header_font_size_last_edited=&#8221;on|desktop&#8221;]<\/p>\n<div class=\"article-header-small\">\n<div class=\"article-header-small\">\n<h1>HALAL CERTIFICATE<\/h1>\n<\/div>\n<\/div>\n<p>[\/et_pb_text][et_pb_image src=&#8221;https:\/\/malesia-meatindustry.com\/beta\/wp-content\/uploads\/2020\/04\/avatar1.jpg&#8221; _builder_version=&#8221;4.4.3&#8243; border_width_bottom=&#8221;1px&#8221;][\/et_pb_image][et_pb_text _builder_version=&#8221;4.4.3&#8243; header_font=&#8221;|600|||||||&#8221; header_text_align=&#8221;center&#8221; header_text_color=&#8221;#695042&#8243; header_font_size=&#8221;24px&#8221; transform_scale_tablet=&#8221;&#8221; transform_scale_phone=&#8221;&#8221; transform_scale_last_edited=&#8221;on|tablet&#8221; transform_translate_tablet=&#8221;-83px|854px&#8221; transform_translate_phone=&#8221;-22px|631px&#8221; transform_translate_last_edited=&#8221;on|desktop&#8221; transform_translate_linked_tablet=&#8221;off&#8221; transform_rotate_tablet=&#8221;&#8221; transform_rotate_phone=&#8221;&#8221; transform_rotate_last_edited=&#8221;on|tablet&#8221; transform_skew_tablet=&#8221;&#8221; transform_skew_phone=&#8221;&#8221; transform_skew_last_edited=&#8221;on|tablet&#8221; transform_origin_tablet=&#8221;&#8221; transform_origin_phone=&#8221;&#8221; transform_origin_last_edited=&#8221;on|tablet&#8221; transform_styles_last_edited=&#8221;on|desktop&#8221; custom_padding_tablet=&#8221;26px||||false|false&#8221; custom_padding_phone=&#8221;&#8221; custom_padding_last_edited=&#8221;on|phone&#8221; header_font_size_tablet=&#8221;&#8221; header_font_size_phone=&#8221;&#8221; header_font_size_last_edited=&#8221;on|desktop&#8221; transform_styles_tablet=&#8221;&#8221; transform_styles_phone=&#8221;&#8221;]<\/p>\n<div class=\"article-header-small\">\n<div class=\"article-header-small\">\n<div class=\"article-header-small\">\n<h1>FACEBOOK POST<\/h1>\n<\/div>\n<div class=\"blog-post-small onscroll-animate fadeIn\"><\/div>\n<\/div>\n<\/div>\n<p>[\/et_pb_text][et_pb_code _builder_version=&#8221;4.4.3&#8243; transform_scale_tablet=&#8221;&#8221; transform_scale_phone=&#8221;&#8221; transform_scale_last_edited=&#8221;on|phone&#8221; transform_translate_tablet=&#8221;0px|850px&#8221; transform_translate_phone=&#8221;0px|600px&#8221; transform_translate_last_edited=&#8221;on|phone&#8221; transform_translate_linked_tablet=&#8221;off&#8221; transform_rotate_tablet=&#8221;&#8221; transform_rotate_phone=&#8221;&#8221; transform_rotate_last_edited=&#8221;on|phone&#8221; transform_skew_tablet=&#8221;&#8221; transform_skew_phone=&#8221;&#8221; transform_skew_last_edited=&#8221;on|phone&#8221; transform_origin_tablet=&#8221;&#8221; transform_origin_phone=&#8221;&#8221; transform_origin_last_edited=&#8221;on|phone&#8221; transform_styles_last_edited=&#8221;on|phone&#8221; text_orientation=&#8221;left&#8221; custom_padding_tablet=&#8221;33px||||false|false&#8221; custom_padding_phone=&#8221;&#8221; custom_padding_last_edited=&#8221;on|tablet&#8221; transform_styles_tablet=&#8221;&#8221; transform_styles_phone=&#8221;&#8221;][custom-facebook-feed][\/et_pb_code][\/et_pb_column][et_pb_column type=&#8221;3_4&#8243; _builder_version=&#8221;4.4.3&#8243;][et_pb_text _builder_version=&#8221;4.4.3&#8243; header_font=&#8221;|||on|||||&#8221; header_text_align=&#8221;center&#8221; transform_scale_tablet=&#8221;&#8221; transform_scale_phone=&#8221;&#8221; transform_scale_last_edited=&#8221;on|tablet&#8221; transform_translate_tablet=&#8221;0px|-940px&#8221; transform_translate_phone=&#8221;0px|-900px&#8221; transform_translate_last_edited=&#8221;on|phone&#8221; transform_translate_linked=&#8221;off&#8221; transform_rotate_tablet=&#8221;&#8221; transform_rotate_phone=&#8221;&#8221; transform_rotate_last_edited=&#8221;on|phone&#8221; transform_skew_tablet=&#8221;&#8221; transform_skew_phone=&#8221;&#8221; transform_skew_last_edited=&#8221;on|phone&#8221; transform_origin_tablet=&#8221;&#8221; transform_origin_phone=&#8221;&#8221; transform_origin_last_edited=&#8221;on|phone&#8221; transform_styles_last_edited=&#8221;on|phone&#8221; width=&#8221;30%&#8221; width_tablet=&#8221;59%&#8221; width_phone=&#8221;100%&#8221; width_last_edited=&#8221;on|phone&#8221; module_alignment=&#8221;center&#8221; custom_padding_tablet=&#8221;&#8221; custom_padding_phone=&#8221;21px||||false|false&#8221; custom_padding_last_edited=&#8221;on|phone&#8221; header_font_size_tablet=&#8221;&#8221; header_font_size_phone=&#8221;23px&#8221; header_font_size_last_edited=&#8221;on|phone&#8221; transform_styles_tablet=&#8221;&#8221; transform_styles_phone=&#8221;&#8221; width__hover_enabled=&#8221;off|desktop&#8221;]<\/p>\n<div class=\"blog-post-header\">\n<h1>Factory inauguration<\/h1>\n<\/div>\n<div class=\"blog-post-preview\">\n<div id=\"blog-post-images-slider\" class=\"blog-post-images-slider owl-carousel owl-theme\">\n<div class=\"owl-wrapper-outer\">\n<div class=\"owl-wrapper\"><\/div>\n<\/div>\n<\/div>\n<\/div>\n<p>[\/et_pb_text][et_pb_gallery gallery_ids=&#8221;373,374,375,376,377,378,379,380,381,382&#8243; fullwidth=&#8221;on&#8221; _builder_version=&#8221;4.4.3&#8243; background_color=&#8221;rgba(0,0,0,0)&#8221; transform_scale_tablet=&#8221;96%|96%&#8221; transform_scale_phone=&#8221;&#8221; transform_scale_last_edited=&#8221;on|phone&#8221; transform_translate_tablet=&#8221;0px|-950px&#8221; transform_translate_phone=&#8221;0px|-940px&#8221; transform_translate_last_edited=&#8221;on|tablet&#8221; transform_translate_linked_tablet=&#8221;off&#8221; transform_translate_linked_phone=&#8221;off&#8221; transform_rotate_tablet=&#8221;&#8221; transform_rotate_phone=&#8221;&#8221; transform_rotate_last_edited=&#8221;on|phone&#8221; transform_skew_tablet=&#8221;&#8221; transform_skew_phone=&#8221;&#8221; transform_skew_last_edited=&#8221;on|phone&#8221; transform_origin_tablet=&#8221;&#8221; transform_origin_phone=&#8221;&#8221; transform_origin_last_edited=&#8221;on|phone&#8221; transform_styles_last_edited=&#8221;on|tablet&#8221; transform_styles_tablet=&#8221;&#8221; transform_styles_phone=&#8221;&#8221;][\/et_pb_gallery][et_pb_text _builder_version=&#8221;4.4.3&#8243; transform_scale_tablet=&#8221;&#8221; transform_scale_phone=&#8221;&#8221; transform_scale_last_edited=&#8221;on|phone&#8221; transform_translate_tablet=&#8221;0px|-898px&#8221; transform_translate_phone=&#8221;&#8221; transform_translate_last_edited=&#8221;on|tablet&#8221; transform_translate_linked_tablet=&#8221;off&#8221; transform_rotate_tablet=&#8221;&#8221; transform_rotate_phone=&#8221;&#8221; transform_rotate_last_edited=&#8221;on|phone&#8221; transform_skew_tablet=&#8221;&#8221; transform_skew_phone=&#8221;&#8221; transform_skew_last_edited=&#8221;on|phone&#8221; transform_origin_tablet=&#8221;&#8221; transform_origin_phone=&#8221;&#8221; transform_origin_last_edited=&#8221;on|phone&#8221; transform_styles_last_edited=&#8221;on|tablet&#8221; transform_styles_tablet=&#8221;&#8221; transform_styles_phone=&#8221;&#8221;]<\/p>\n<p><em>The inauguration of the meat industry factory Mal\u00ebsia.<br \/> Organized by Puzzle Media Communications Agency<\/em><\/p>\n<div class=\"blog-post-footer\">\n<div class=\"socials\">\n<div class=\"social-icon-container-alt-small\"><\/div>\n<\/div>\n<\/div>\n<p>[\/et_pb_text][et_pb_text _builder_version=&#8221;4.4.3&#8243; header_5_text_align=&#8221;center&#8221; transform_scale_tablet=&#8221;&#8221; transform_scale_phone=&#8221;&#8221; transform_scale_last_edited=&#8221;on|phone&#8221; transform_translate_tablet=&#8221;0px|-816px&#8221; transform_translate_phone=&#8221;0px|-834px&#8221; transform_translate_last_edited=&#8221;on|tablet&#8221; transform_translate_linked_tablet=&#8221;off&#8221; transform_rotate_tablet=&#8221;&#8221; transform_rotate_phone=&#8221;&#8221; transform_rotate_last_edited=&#8221;on|phone&#8221; transform_skew_tablet=&#8221;&#8221; transform_skew_phone=&#8221;&#8221; transform_skew_last_edited=&#8221;on|phone&#8221; transform_origin_tablet=&#8221;&#8221; transform_origin_phone=&#8221;&#8221; transform_origin_last_edited=&#8221;on|phone&#8221; transform_styles_last_edited=&#8221;on|tablet&#8221; custom_margin=&#8221;||14px|||&#8221; header_5_text_align_tablet=&#8221;&#8221; header_5_text_align_phone=&#8221;&#8221; header_5_text_align_last_edited=&#8221;on|phone&#8221; transform_styles_tablet=&#8221;&#8221; transform_styles_phone=&#8221;&#8221;]<\/p>\n<div class=\"blog-post-header\">\n<h5>#humanitarian #mission 11<\/h5>\n<\/div>\n<div class=\"blog-post-preview\"><\/div>\n<p>[\/et_pb_text][et_pb_gallery gallery_ids=&#8221;383&#8243; fullwidth=&#8221;on&#8221; _builder_version=&#8221;4.4.3&#8243; background_color=&#8221;rgba(0,0,0,0)&#8221; transform_scale_tablet=&#8221;&#8221; transform_scale_phone=&#8221;&#8221; transform_scale_last_edited=&#8221;on|phone&#8221; transform_translate_tablet=&#8221;0px|-819px&#8221; transform_translate_phone=&#8221;0px|-835px&#8221; transform_translate_last_edited=&#8221;on|phone&#8221; transform_translate_linked_tablet=&#8221;off&#8221; transform_translate_linked_phone=&#8221;off&#8221; transform_rotate_tablet=&#8221;&#8221; transform_rotate_phone=&#8221;&#8221; transform_rotate_last_edited=&#8221;on|phone&#8221; transform_skew_tablet=&#8221;&#8221; transform_skew_phone=&#8221;&#8221; transform_skew_last_edited=&#8221;on|phone&#8221; transform_origin_tablet=&#8221;&#8221; transform_origin_phone=&#8221;&#8221; transform_origin_last_edited=&#8221;on|phone&#8221; transform_styles_last_edited=&#8221;on|phone&#8221; transform_styles_tablet=&#8221;&#8221; transform_styles_phone=&#8221;&#8221;][\/et_pb_gallery][et_pb_text _builder_version=&#8221;4.4.3&#8243; transform_scale_tablet=&#8221;&#8221; transform_scale_phone=&#8221;&#8221; transform_scale_last_edited=&#8221;on|phone&#8221; transform_translate_tablet=&#8221;0px|-797px&#8221; transform_translate_phone=&#8221;0px|-823px&#8221; transform_translate_last_edited=&#8221;on|tablet&#8221; transform_translate_linked_tablet=&#8221;off&#8221; transform_translate_linked_phone=&#8221;off&#8221; transform_rotate_tablet=&#8221;&#8221; transform_rotate_phone=&#8221;&#8221; transform_rotate_last_edited=&#8221;on|phone&#8221; transform_skew_tablet=&#8221;&#8221; transform_skew_phone=&#8221;&#8221; transform_skew_last_edited=&#8221;on|phone&#8221; transform_origin_tablet=&#8221;&#8221; transform_origin_phone=&#8221;&#8221; transform_origin_last_edited=&#8221;on|phone&#8221; transform_styles_last_edited=&#8221;on|tablet&#8221; transform_styles_tablet=&#8221;&#8221; transform_styles_phone=&#8221;&#8221;]<\/p>\n<p>Mal\u00ebsia meat industry on a humanitarian mission in the entire Republic of Kosovo territory.<\/p>\n<div class=\"blog-post-footer\">\n<div class=\"socials\">\n<div class=\"social-icon-container-alt-small\"><\/div>\n<\/div>\n<\/div>\n<p>[\/et_pb_text][\/et_pb_column][\/et_pb_row][\/et_pb_section][et_pb_section fb_built=&#8221;1&#8243; _builder_version=&#8221;4.4.3&#8243; custom_padding=&#8221;0px||0px|||&#8221; global_module=&#8221;223&#8243;][et_pb_row use_custom_gutter=&#8221;on&#8221; gutter_width=&#8221;2&#8243; _builder_version=&#8221;4.4.3&#8243; width=&#8221;100%&#8221; max_width=&#8221;100%&#8221; module_alignment=&#8221;center&#8221; custom_padding=&#8221;0px||0px|||&#8221; locked=&#8221;off&#8221;][et_pb_column type=&#8221;4_4&#8243; _builder_version=&#8221;4.4.3&#8243;][et_pb_text _builder_version=&#8221;4.4.6&#8243; header_font=&#8221;||||||||&#8221; header_text_align=&#8221;center&#8221; header_font_size=&#8221;31px&#8221; width=&#8221;10%&#8221; width_tablet=&#8221;30%&#8221; width_phone=&#8221;&#8221; width_last_edited=&#8221;on|phone&#8221; module_alignment=&#8221;center&#8221; border_width_bottom=&#8221;1px&#8221;]<\/p>\n<h1>Klient\u00ebt<\/h1>\n<p>[\/et_pb_text][dica_divi_carousel multislide=&#8221;on&#8221; loop=&#8221;on&#8221; autoplay=&#8221;on&#8221; autoplay_speed=&#8221;3000&#8243; item_spacing=&#8221;0&#8243; advanced_effect=&#8221;1&#8243; _builder_version=&#8221;4.4.6&#8243; width=&#8221;100%&#8221; max_width=&#8221;100%&#8221;][dica_divi_carouselitem button_url_new_window=&#8221;1&#8243; image=&#8221;https:\/\/malesia-meatindustry.com\/wp-content\/uploads\/2020\/04\/services1.jpg&#8221; _builder_version=&#8221;4.4.6&#8243;][\/dica_divi_carouselitem][dica_divi_carouselitem button_url_new_window=&#8221;1&#8243; image=&#8221;https:\/\/malesia-meatindustry.com\/wp-content\/uploads\/2020\/04\/services2.jpg&#8221; _builder_version=&#8221;4.4.6&#8243;][\/dica_divi_carouselitem][dica_divi_carouselitem button_url_new_window=&#8221;1&#8243; image=&#8221;https:\/\/malesia-meatindustry.com\/wp-content\/uploads\/2020\/04\/services3.jpg&#8221; _builder_version=&#8221;4.4.6&#8243;][\/dica_divi_carouselitem][dica_divi_carouselitem button_url_new_window=&#8221;1&#8243; image=&#8221;https:\/\/malesia-meatindustry.com\/wp-content\/uploads\/2020\/04\/services4.jpg&#8221; _builder_version=&#8221;4.4.6&#8243;][\/dica_divi_carouselitem][dica_divi_carouselitem button_url_new_window=&#8221;1&#8243; image=&#8221;https:\/\/malesia-meatindustry.com\/wp-content\/uploads\/2020\/04\/services5.jpg&#8221; _builder_version=&#8221;4.4.6&#8243;][\/dica_divi_carouselitem][dica_divi_carouselitem button_url_new_window=&#8221;1&#8243; image=&#8221;https:\/\/malesia-meatindustry.com\/wp-content\/uploads\/2020\/04\/services6.jpg&#8221; _builder_version=&#8221;4.4.6&#8243;][\/dica_divi_carouselitem][dica_divi_carouselitem button_url_new_window=&#8221;1&#8243; image=&#8221;https:\/\/malesia-meatindustry.com\/wp-content\/uploads\/2020\/04\/services7.jpg&#8221; _builder_version=&#8221;4.4.6&#8243;][\/dica_divi_carouselitem][dica_divi_carouselitem button_url_new_window=&#8221;1&#8243; image=&#8221;https:\/\/malesia-meatindustry.com\/wp-content\/uploads\/2020\/04\/services8.jpg&#8221; _builder_version=&#8221;4.4.6&#8243;][\/dica_divi_carouselitem][dica_divi_carouselitem button_url_new_window=&#8221;1&#8243; image=&#8221;https:\/\/malesia-meatindustry.com\/wp-content\/uploads\/2020\/04\/services9.jpg&#8221; _builder_version=&#8221;4.4.6&#8243;][\/dica_divi_carouselitem][dica_divi_carouselitem button_url_new_window=&#8221;1&#8243; image=&#8221;https:\/\/malesia-meatindustry.com\/wp-content\/uploads\/2020\/04\/services10.jpg&#8221; _builder_version=&#8221;4.4.6&#8243;][\/dica_divi_carouselitem][dica_divi_carouselitem button_url_new_window=&#8221;1&#8243; image=&#8221;https:\/\/malesia-meatindustry.com\/wp-content\/uploads\/2020\/04\/services11.jpg&#8221; _builder_version=&#8221;4.4.6&#8243;][\/dica_divi_carouselitem][dica_divi_carouselitem button_url_new_window=&#8221;1&#8243; image=&#8221;https:\/\/malesia-meatindustry.com\/wp-content\/uploads\/2020\/04\/services12.jpg&#8221; _builder_version=&#8221;4.4.6&#8243;][\/dica_divi_carouselitem][dica_divi_carouselitem button_url_new_window=&#8221;1&#8243; image=&#8221;https:\/\/malesia-meatindustry.com\/wp-content\/uploads\/2020\/04\/services13.jpg&#8221; _builder_version=&#8221;4.4.6&#8243;][\/dica_divi_carouselitem][dica_divi_carouselitem button_url_new_window=&#8221;1&#8243; image=&#8221;https:\/\/malesia-meatindustry.com\/wp-content\/uploads\/2020\/04\/services14.jpg&#8221; _builder_version=&#8221;4.4.6&#8243;][\/dica_divi_carouselitem][dica_divi_carouselitem button_url_new_window=&#8221;1&#8243; image=&#8221;https:\/\/malesia-meatindustry.com\/wp-content\/uploads\/2020\/04\/services15.jpg&#8221; _builder_version=&#8221;4.4.6&#8243;][\/dica_divi_carouselitem][dica_divi_carouselitem button_url_new_window=&#8221;1&#8243; image=&#8221;https:\/\/malesia-meatindustry.com\/wp-content\/uploads\/2020\/04\/services16.jpg&#8221; _builder_version=&#8221;4.4.6&#8243;][\/dica_divi_carouselitem][dica_divi_carouselitem button_url_new_window=&#8221;1&#8243; image=&#8221;https:\/\/malesia-meatindustry.com\/wp-content\/uploads\/2020\/04\/services17.jpg&#8221; _builder_version=&#8221;4.4.6&#8243;][\/dica_divi_carouselitem][dica_divi_carouselitem button_url_new_window=&#8221;1&#8243; image=&#8221;https:\/\/malesia-meatindustry.com\/wp-content\/uploads\/2020\/04\/services18.jpg&#8221; _builder_version=&#8221;4.4.6&#8243;][\/dica_divi_carouselitem][dica_divi_carouselitem button_url_new_window=&#8221;1&#8243; image=&#8221;https:\/\/malesia-meatindustry.com\/wp-content\/uploads\/2020\/04\/services19.jpg&#8221; _builder_version=&#8221;4.4.6&#8243;][\/dica_divi_carouselitem][dica_divi_carouselitem button_url_new_window=&#8221;1&#8243; image=&#8221;https:\/\/malesia-meatindustry.com\/wp-content\/uploads\/2020\/04\/services20.jpg&#8221; _builder_version=&#8221;4.4.6&#8243;][\/dica_divi_carouselitem][dica_divi_carouselitem button_url_new_window=&#8221;1&#8243; image=&#8221;https:\/\/malesia-meatindustry.com\/wp-content\/uploads\/2020\/04\/services21.jpg&#8221; _builder_version=&#8221;4.4.6&#8243;][\/dica_divi_carouselitem][dica_divi_carouselitem button_url_new_window=&#8221;1&#8243; image=&#8221;https:\/\/malesia-meatindustry.com\/wp-content\/uploads\/2020\/04\/services22.jpg&#8221; _builder_version=&#8221;4.4.6&#8243;][\/dica_divi_carouselitem][\/dica_divi_carousel][\/et_pb_column][\/et_pb_row][\/et_pb_section]<\/p>","protected":false},"excerpt":{"rendered":"<p>[et_pb_section fb_built=&#8221;1&#8243; _builder_version=&#8221;4.4.3&#8243;][et_pb_row column_structure=&#8221;1_4,3_4&#8243; use_custom_gutter=&#8221;on&#8221; gutter_width=&#8221;2&#8243; _builder_version=&#8221;4.4.3&#8243; width=&#8221;72%&#8221; max_width=&#8221;100%&#8221;][et_pb_column type=&#8221;1_4&#8243; _builder_version=&#8221;4.4.3&#8243;][et_pb_text _builder_version=&#8221;4.4.3&#8243; header_font=&#8221;|600|||||||&#8221; header_text_align=&#8221;center&#8221; header_text_color=&#8221;#695042&#8243; header_font_size=&#8221;24px&#8221; header_font_size_tablet=&#8221;&#8221; header_font_size_phone=&#8221;&#8221; header_font_size_last_edited=&#8221;on|desktop&#8221;] INDUSTRIA E MISHIT MAL\u00cbSIA [\/et_pb_text][et_pb_image src=&#8221;https:\/\/malesia-meatindustry.com\/beta\/wp-content\/uploads\/2020\/05\/sidebar_img1.png&#8221; _builder_version=&#8221;4.4.3&#8243;][\/et_pb_image][et_pb_text _builder_version=&#8221;4.4.3&#8243; text_orientation=&#8221;center&#8221; width=&#8221;60%&#8221; module_alignment=&#8221;center&#8221; border_width_bottom=&#8221;1px&#8221;] P\u00ebrshendetje ! K\u00ebtu mundeni t\u00eb gjeni aktivite t\u00eb cilat i kemi zhvilluar ne si kompani. [\/et_pb_text][et_pb_text _builder_version=&#8221;4.4.3&#8243; header_font=&#8221;|600|||||||&#8221; header_text_align=&#8221;center&#8221; header_text_color=&#8221;#695042&#8243; header_font_size=&#8221;24px&#8221; custom_padding_tablet=&#8221;26px||||false|false&#8221; custom_padding_phone=&#8221;&#8221; custom_padding_last_edited=&#8221;on|phone&#8221; [&hellip;]<\/p>","protected":false},"author":1,"featured_media":0,"parent":0,"menu_order":0,"comment_status":"closed","ping_status":"closed","template":"","meta":{"_et_pb_use_builder":"on","_et_pb_old_content":"","_et_gb_content_width":"","footnotes":""},"class_list":["post-17","page","type-page","status-publish","hentry"],"_links":{"self":[{"href":"https:\/\/malesia-meatindustry.com\/en\/wp-json\/wp\/v2\/pages\/17","targetHints":{"allow":["GET"]}}],"collection":[{"href":"https:\/\/malesia-meatindustry.com\/en\/wp-json\/wp\/v2\/pages"}],"about":[{"href":"https:\/\/malesia-meatindustry.com\/en\/wp-json\/wp\/v2\/types\/page"}],"author":[{"embeddable":true,"href":"https:\/\/malesia-meatindustry.com\/en\/wp-json\/wp\/v2\/users\/1"}],"replies":[{"embeddable":true,"href":"https:\/\/malesia-meatindustry.com\/en\/wp-json\/wp\/v2\/comments?post=17"}],"version-history":[{"count":18,"href":"https:\/\/malesia-meatindustry.com\/en\/wp-json\/wp\/v2\/pages\/17\/revisions"}],"predecessor-version":[{"id":48815,"href":"https:\/\/malesia-meatindustry.com\/en\/wp-json\/wp\/v2\/pages\/17\/revisions\/48815"}],"wp:attachment":[{"href":"https:\/\/malesia-meatindustry.com\/en\/wp-json\/wp\/v2\/media?parent=17"}],"curies":[{"name":"wp","href":"https:\/\/api.w.org\/{rel}","templated":true}]}}