{"id":11,"date":"2020-04-27T08:37:50","date_gmt":"2020-04-27T08:37:50","guid":{"rendered":"https:\/\/malesia-meatindustry.com\/beta\/?page_id=11"},"modified":"2020-05-12T10:07:53","modified_gmt":"2020-05-12T10:07:53","slug":"rreth-nesh","status":"publish","type":"page","link":"https:\/\/malesia-meatindustry.com\/en\/rreth-nesh\/","title":{"rendered":"About US"},"content":{"rendered":"<p>[et_pb_section fb_built=&#8221;1&#8243; _builder_version=&#8221;4.4.3&#8243; custom_padding=&#8221;||0px|||&#8221;][et_pb_row _builder_version=&#8221;4.4.3&#8243;][et_pb_column type=&#8221;4_4&#8243; _builder_version=&#8221;4.4.3&#8243;][et_pb_text _builder_version=&#8221;4.4.3&#8243; header_font=&#8221;Advent Pro|500|||||||&#8221; header_text_align=&#8221;justify&#8221; header_text_color=&#8221;#000000&#8243; custom_padding=&#8221;|||16px|false|false&#8221; custom_padding_tablet=&#8221;&#8221; custom_padding_phone=&#8221;&#8221; custom_padding_last_edited=&#8221;on|phone&#8221; header_text_align_tablet=&#8221;justify&#8221; header_text_align_phone=&#8221;&#8221; header_text_align_last_edited=&#8221;on|tablet&#8221; header_font_size_tablet=&#8221;32px&#8221; header_font_size_phone=&#8221;18px&#8221; header_font_size_last_edited=&#8221;on|desktop&#8221; border_width_left=&#8221;2px&#8221;]<\/p>\n<h1><span>We work with our clients all the time and together we are able to create beautiful and wonderful things that can certainly bring positive results and complete sastisfaction.<\/span><\/h1>\n<p>[\/et_pb_text][\/et_pb_column][\/et_pb_row][\/et_pb_section][et_pb_section fb_built=&#8221;1&#8243; _builder_version=&#8221;4.4.3&#8243; custom_padding=&#8221;0px|||||&#8221;][et_pb_row _builder_version=&#8221;4.4.3&#8243;][et_pb_column type=&#8221;4_4&#8243; _builder_version=&#8221;4.4.3&#8243;][et_pb_text _builder_version=&#8221;4.4.3&#8243; header_font=&#8221;|600|||||||&#8221; header_text_align=&#8221;center&#8221; header_text_color=&#8221;#000000&#8243; header_font_size=&#8221;20px&#8221; width=&#8221;35%&#8221; width_tablet=&#8221;56%&#8221; width_phone=&#8221;67%&#8221; width_last_edited=&#8221;on|tablet&#8221; max_width=&#8221;100%&#8221; module_alignment=&#8221;center&#8221; text_font_size_tablet=&#8221;11px&#8221; text_font_size_phone=&#8221;&#8221; text_font_size_last_edited=&#8221;on|tablet&#8221; header_font_tablet=&#8221;|600|||||||&#8221; header_font_phone=&#8221;|600|||||||&#8221; header_font_last_edited=&#8221;on|desktop&#8221; header_font_size_tablet=&#8221;&#8221; header_font_size_phone=&#8221;15px&#8221; header_font_size_last_edited=&#8221;on|phone&#8221; border_width_bottom=&#8221;1px&#8221;]<\/p>\n<header class=\"section-header\">\n<h1>MAL\u00cbSIA MEAT INDUSTRY<\/h1>\n<\/header>\n<div class=\"row\">\n<div class=\"col-md-6 onscroll-animate fadeIn\"><\/div>\n<\/div>\n<p>[\/et_pb_text][\/et_pb_column][\/et_pb_row][et_pb_row column_structure=&#8221;1_2,1_2&#8243; use_custom_gutter=&#8221;on&#8221; gutter_width=&#8221;3&#8243; _builder_version=&#8221;4.4.3&#8243; width=&#8221;100%&#8221;][et_pb_column type=&#8221;1_2&#8243; _builder_version=&#8221;4.4.3&#8243;][et_pb_image src=&#8221;https:\/\/malesia-meatindustry.com\/beta\/wp-content\/uploads\/2020\/04\/cup_and_logoweb.jpg&#8221; _builder_version=&#8221;4.4.3&#8243;][\/et_pb_image][\/et_pb_column][et_pb_column type=&#8221;1_2&#8243; _builder_version=&#8221;4.4.3&#8243;][et_pb_text _builder_version=&#8221;4.4.3&#8243; custom_padding_tablet=&#8221;|27px||27px|false|true&#8221; custom_padding_phone=&#8221;12px|15px||15px|false|true&#8221; custom_padding_last_edited=&#8221;on|phone&#8221;]<\/p>\n<div class=\"article-header-2\">\n<h1>THE HISTORY OF OUR SUCCESS<\/h1>\n<\/div>\n<p>Mal\u00ebsia LTD was founded in 1993 and has 25 years of experience in the meat processing industry, main activity is slaughter and processing of meat. The current slaughtering and processing capacity of the company is: 2500kg of fresh meat, from this quantity 1000kg goes for sale as fresh meat, other 1500kg goes for meat processing as; beef burgers, sausages, ham, or distributed in quantity by time as; beef burgerg 490kg, meatballs 200kg, sausage 330kg, ham 140kg. In the company there are currently 17 employees, 2 of which are execute, 4 in meat processing, 4 in the slaughtering sector, 2 drivers in meat delivery, 2 meat sellers, 1 trading agent, 1 accountant and 1 guardian. Long term experience in the slaughtering market makes it even more powerful in management terms \"Mal\u00ebsia\" LTD has now created sufficient environment for the development of its activity, referring to the construction of the a new building with a surface area of 1300m2, witch fulfills all the tasks of working this activity, with special emphasis on the slaughtering of the bigger and smaller animals.<\/p>\n<p>[\/et_pb_text][\/et_pb_column][\/et_pb_row][et_pb_row column_structure=&#8221;1_2,1_2&#8243; use_custom_gutter=&#8221;on&#8221; gutter_width=&#8221;3&#8243; _builder_version=&#8221;4.4.3&#8243; width=&#8221;100%&#8221;][et_pb_column type=&#8221;1_2&#8243; _builder_version=&#8221;4.4.3&#8243;][et_pb_text _builder_version=&#8221;4.4.3&#8243; transform_scale_tablet=&#8221;&#8221; transform_scale_phone=&#8221;&#8221; transform_scale_last_edited=&#8221;on|desktop&#8221; transform_translate_tablet=&#8221;0px|496px&#8221; transform_translate_phone=&#8221;0px|360px&#8221; transform_translate_last_edited=&#8221;on|phone&#8221; transform_translate_linked_tablet=&#8221;off&#8221; transform_rotate_tablet=&#8221;&#8221; transform_rotate_phone=&#8221;&#8221; transform_rotate_last_edited=&#8221;on|desktop&#8221; transform_skew_tablet=&#8221;&#8221; transform_skew_phone=&#8221;&#8221; transform_skew_last_edited=&#8221;on|desktop&#8221; transform_origin_tablet=&#8221;&#8221; transform_origin_phone=&#8221;&#8221; transform_origin_last_edited=&#8221;on|desktop&#8221; transform_styles_last_edited=&#8221;on|phone&#8221; custom_margin=&#8221;||||false|false&#8221; custom_margin_tablet=&#8221;&#8221; custom_margin_phone=&#8221;||-26px||false|false&#8221; custom_margin_last_edited=&#8221;on|phone&#8221; custom_padding_tablet=&#8221;|27px||27px|false|true&#8221; custom_padding_phone=&#8221;|15px||15px|false|true&#8221; custom_padding_last_edited=&#8221;on|tablet&#8221; hover_enabled=&#8221;0&#8243; transform_styles_tablet=&#8221;&#8221; transform_styles_phone=&#8221;&#8221; custom_padding=&#8221;|3px||97px|false|false&#8221;]<\/p>\n<div class=\"article-header-2\">\n<div class=\"article-header-2\">\n<h1>OBJEKTI P\u00cbRMBAN DY REPARTE<\/h1>\n<\/div>\n<p>1. Animal slaughtering house, which has the primary construction for the laying of the cryogenic line, 6 manipulative rooms in the slaughtering process and 2 quarantine chambers.<br \/> 2. Meat processing unit which has 4 working room, 6 cooling rooms(CHAMBER ROOMS), 5 packing rooms, and the expedition room. The quality of the products has enabled the company to cover a wide market are throughout the territory of Kosovo, with special focus on the East Kosovo region.<br \/> The current slaughter capacity of the company is: 5000kg of fresh meat. Despite the great demands it has in slaughtering, with the current capabilities the enterprise can not meet the requirements of its costumers. This has led the company to expand its capacity through the installation of a new slab line, with the a capacity of slaughtering of 250 bigger animals per day and 500 smaller animal per days. The implements of this project will enable the slaughterhouse to meet its regional requirements for the bigger animals, while meeting the national level requirements of the clientele for small animals (goat and sheep).<\/p>\n<\/div>\n<p>[\/et_pb_text][\/et_pb_column][et_pb_column type=&#8221;1_2&#8243; _builder_version=&#8221;4.4.3&#8243;][et_pb_image src=&#8221;https:\/\/malesia-meatindustry.com\/beta\/wp-content\/uploads\/2020\/04\/cup_and_logo1web.jpg&#8221; _builder_version=&#8221;4.4.3&#8243; transform_scale_tablet=&#8221;&#8221; transform_scale_phone=&#8221;&#8221; transform_scale_last_edited=&#8221;on|phone&#8221; transform_translate_tablet=&#8221;53px|-364px&#8221; transform_translate_phone=&#8221;0px|-580px&#8221; transform_translate_last_edited=&#8221;on|phone&#8221; transform_translate_linked_phone=&#8221;off&#8221; transform_rotate_tablet=&#8221;&#8221; transform_rotate_phone=&#8221;&#8221; transform_rotate_last_edited=&#8221;on|desktop&#8221; transform_skew_tablet=&#8221;&#8221; transform_skew_phone=&#8221;&#8221; transform_skew_last_edited=&#8221;on|desktop&#8221; transform_origin_tablet=&#8221;&#8221; transform_origin_phone=&#8221;&#8221; transform_origin_last_edited=&#8221;on|desktop&#8221; transform_styles_last_edited=&#8221;on|phone&#8221; transform_styles_tablet=&#8221;&#8221; transform_styles_phone=&#8221;&#8221;][\/et_pb_image][\/et_pb_column][\/et_pb_row][\/et_pb_section][et_pb_section fb_built=&#8221;1&#8243; _builder_version=&#8221;4.4.3&#8243; background_image=&#8221;https:\/\/malesia-meatindustry.com\/beta\/wp-content\/uploads\/2020\/04\/bg_videoweb.jpg&#8221; parallax=&#8221;on&#8221; custom_padding=&#8221;||177px|||&#8221;][et_pb_row _builder_version=&#8221;4.4.3&#8243; width=&#8221;38%&#8221; max_width=&#8221;100%&#8221; module_alignment=&#8221;center&#8221;][et_pb_column type=&#8221;4_4&#8243; _builder_version=&#8221;4.4.3&#8243;][et_pb_text _builder_version=&#8221;4.4.3&#8243; header_font=&#8221;|700||on|||||&#8221; header_text_align=&#8221;center&#8221; header_text_color=&#8221;#000000&#8243; header_font_size=&#8221;51px&#8221; width=&#8221;100%&#8221; width_tablet=&#8221;&#8221; width_phone=&#8221;&#8221; width_last_edited=&#8221;on|phone&#8221; max_width=&#8221;100%&#8221; custom_padding=&#8221;||61px||false|false&#8221; custom_padding_tablet=&#8221;||30px||false|false&#8221; custom_padding_phone=&#8221;&#8221; custom_padding_last_edited=&#8221;on|phone&#8221; header_font_size_tablet=&#8221;28px&#8221; header_font_size_phone=&#8221;17px&#8221; header_font_size_last_edited=&#8221;on|phone&#8221;]<\/p>\n<h1 class=\"heading-huge\">ADVERTISING VIDEO<\/h1>\n<p>[\/et_pb_text][et_pb_video src=&#8221;https:\/\/malesia-meatindustry.com\/beta\/wp-content\/uploads\/2020\/04\/94421514_539757106731959_4438564170765177284_n.mp4&#8243; thumbnail_overlay_color=&#8221;rgba(0,0,0,0.6)&#8221; _builder_version=&#8221;4.4.3&#8243; width=&#8221;100%&#8221; max_width=&#8221;100%&#8221; module_alignment=&#8221;center&#8221; custom_margin=&#8221;||||false|false&#8221;][\/et_pb_video][\/et_pb_column][\/et_pb_row][\/et_pb_section][et_pb_section fb_built=&#8221;1&#8243; _builder_version=&#8221;4.4.3&#8243; background_image=&#8221;https:\/\/malesia-meatindustry.com\/beta\/wp-content\/uploads\/2020\/04\/2-1.jpg&#8221;][et_pb_row column_structure=&#8221;1_4,3_4&#8243; _builder_version=&#8221;4.4.3&#8243; width=&#8221;82%&#8221; max_width=&#8221;100%&#8221; module_alignment=&#8221;center&#8221; locked=&#8221;off&#8221;][et_pb_column type=&#8221;1_4&#8243; _builder_version=&#8221;4.4.3&#8243;][et_pb_image src=&#8221;https:\/\/malesia-meatindustry.com\/beta\/wp-content\/uploads\/2020\/04\/avatar1.jpg&#8221; _builder_version=&#8221;4.4.3&#8243; background_color=&#8221;rgba(0,0,0,0)&#8221;][\/et_pb_image][\/et_pb_column][et_pb_column type=&#8221;3_4&#8243; _builder_version=&#8221;4.4.3&#8243;][et_pb_text _builder_version=&#8221;4.4.3&#8243; header_font=&#8221;|700|on||||||&#8221; header_text_align=&#8221;center&#8221; header_text_color=&#8221;#ffffff&#8221; header_font_size=&#8221;31px&#8221; header_letter_spacing=&#8221;2px&#8221; transform_scale_tablet=&#8221;&#8221; transform_scale_phone=&#8221;&#8221; transform_scale_last_edited=&#8221;on|phone&#8221; transform_translate=&#8221;-15px|130px&#8221; transform_translate_tablet=&#8221;12px|50px&#8221; transform_translate_phone=&#8221;0px|30px&#8221; transform_translate_last_edited=&#8221;on|phone&#8221; transform_rotate_tablet=&#8221;&#8221; transform_rotate_phone=&#8221;&#8221; transform_rotate_last_edited=&#8221;on|phone&#8221; transform_skew_tablet=&#8221;&#8221; transform_skew_phone=&#8221;&#8221; transform_skew_last_edited=&#8221;on|phone&#8221; transform_origin_tablet=&#8221;&#8221; transform_origin_phone=&#8221;&#8221; transform_origin_last_edited=&#8221;on|phone&#8221; transform_styles_last_edited=&#8221;on|phone&#8221; transform_styles_tablet=&#8221;&#8221; transform_styles_phone=&#8221;&#8221;]<\/p>\n<h1>\"Our products are certified by the HALAL institution.\u201d<\/h1>\n<p>[\/et_pb_text][\/et_pb_column][\/et_pb_row][\/et_pb_section]<\/p>","protected":false},"excerpt":{"rendered":"<p>[et_pb_section fb_built=&#8221;1&#8243; _builder_version=&#8221;4.4.3&#8243; custom_padding=&#8221;||0px|||&#8221;][et_pb_row _builder_version=&#8221;4.4.3&#8243;][et_pb_column type=&#8221;4_4&#8243; _builder_version=&#8221;4.4.3&#8243;][et_pb_text _builder_version=&#8221;4.4.3&#8243; header_font=&#8221;Advent Pro|500|||||||&#8221; header_text_align=&#8221;justify&#8221; header_text_color=&#8221;#000000&#8243; custom_padding=&#8221;|||16px|false|false&#8221; custom_padding_tablet=&#8221;&#8221; custom_padding_phone=&#8221;&#8221; custom_padding_last_edited=&#8221;on|phone&#8221; header_text_align_tablet=&#8221;justify&#8221; header_text_align_phone=&#8221;&#8221; header_text_align_last_edited=&#8221;on|tablet&#8221; header_font_size_tablet=&#8221;32px&#8221; header_font_size_phone=&#8221;18px&#8221; header_font_size_last_edited=&#8221;on|desktop&#8221; border_width_left=&#8221;2px&#8221;] Ne punojm\u00eb gjith\u00eb koh\u00ebn me klient\u00ebt tan\u00eb dhe s\u00eb bashku ne jemi n\u00eb gjendje t\u00eb krijojm\u00eb gj\u00ebra t\u00eb bukura dhe t\u00eb mrekullueshme q\u00eb me siguri sjell rezultate pozitive dhe k\u00ebnaq\u00ebsi t\u00eb plot\u00eb. [&hellip;]<\/p>","protected":false},"author":1,"featured_media":0,"parent":0,"menu_order":0,"comment_status":"closed","ping_status":"closed","template":"","meta":{"_et_pb_use_builder":"on","_et_pb_old_content":"","_et_gb_content_width":"","footnotes":""},"class_list":["post-11","page","type-page","status-publish","hentry"],"_links":{"self":[{"href":"https:\/\/malesia-meatindustry.com\/en\/wp-json\/wp\/v2\/pages\/11","targetHints":{"allow":["GET"]}}],"collection":[{"href":"https:\/\/malesia-meatindustry.com\/en\/wp-json\/wp\/v2\/pages"}],"about":[{"href":"https:\/\/malesia-meatindustry.com\/en\/wp-json\/wp\/v2\/types\/page"}],"author":[{"embeddable":true,"href":"https:\/\/malesia-meatindustry.com\/en\/wp-json\/wp\/v2\/users\/1"}],"replies":[{"embeddable":true,"href":"https:\/\/malesia-meatindustry.com\/en\/wp-json\/wp\/v2\/comments?post=11"}],"version-history":[{"count":14,"href":"https:\/\/malesia-meatindustry.com\/en\/wp-json\/wp\/v2\/pages\/11\/revisions"}],"predecessor-version":[{"id":434,"href":"https:\/\/malesia-meatindustry.com\/en\/wp-json\/wp\/v2\/pages\/11\/revisions\/434"}],"wp:attachment":[{"href":"https:\/\/malesia-meatindustry.com\/en\/wp-json\/wp\/v2\/media?parent=11"}],"curies":[{"name":"wp","href":"https:\/\/api.w.org\/{rel}","templated":true}]}}